{"id":21447,"date":"2021-06-08T15:11:25","date_gmt":"2021-06-08T15:11:25","guid":{"rendered":"https:\/\/www.comin-joieriacreativa.com\/?page_id=21447"},"modified":"2023-06-07T11:27:02","modified_gmt":"2023-06-07T11:27:02","slug":"verano","status":"publish","type":"page","link":"https:\/\/www.comin-joieriacreativa.com\/es\/colecciones\/verano\/","title":{"rendered":"De verano"},"content":{"rendered":"[vc_row type=\u00bbfull_width_background\u00bb full_screen_row_position=\u00bbmiddle\u00bb column_margin=\u00bbdefault\u00bb equal_height=\u00bbyes\u00bb column_direction=\u00bbdefault\u00bb column_direction_tablet=\u00bbdefault\u00bb column_direction_phone=\u00bbdefault\u00bb bg_color=\u00bbrgba(158,158,158,0.89)\u00bb bg_image=\u00bb28321&#8243; bg_position=\u00bbcenter center\u00bb bg_repeat=\u00bbno-repeat\u00bb scene_position=\u00bbcenter\u00bb top_padding=\u00bb13%\u00bb constrain_group_1=\u00bbyes\u00bb bottom_padding=\u00bb13%\u00bb top_padding_tablet=\u00bb20%\u00bb bottom_padding_tablet=\u00bb25%\u00bb text_color=\u00bblight\u00bb text_align=\u00bbleft\u00bb row_border_radius=\u00bbnone\u00bb row_border_radius_applies=\u00bbbg\u00bb color_overlay=\u00bb#383838&#8243; color_overlay_2=\u00bb#565656&#8243; overlay_strength=\u00bb0.5&#8243; gradient_direction=\u00bbleft_to_right\u00bb shape_divider_position=\u00bbbottom\u00bb bg_image_animation=\u00bbnone\u00bb parallax_bg=\u00bbtrue\u00bb parallax_bg_speed=\u00bbfast\u00bb shape_type=\u00bbcurve\u00bb][vc_column column_padding=\u00bbno-extra-padding\u00bb column_padding_tablet=\u00bbinherit\u00bb column_padding_phone=\u00bbinherit\u00bb column_padding_position=\u00bball\u00bb centered_text=\u00bbtrue\u00bb background_color_opacity=\u00bb1&#8243; background_hover_color_opacity=\u00bb1&#8243; column_shadow=\u00bbnone\u00bb column_border_radius=\u00bbnone\u00bb column_link_target=\u00bb_self\u00bb gradient_direction=\u00bbleft_to_right\u00bb overlay_strength=\u00bb0.3&#8243; width=\u00bb1\/1&#8243; tablet_width_inherit=\u00bbdefault\u00bb tablet_text_alignment=\u00bbdefault\u00bb phone_text_alignment=\u00bbdefault\u00bb column_border_width=\u00bbnone\u00bb column_border_style=\u00bbsolid\u00bb bg_image_animation=\u00bbnone\u00bb][vc_row_inner column_margin=\u00bbnone\u00bb column_direction=\u00bbdefault\u00bb column_direction_tablet=\u00bbdefault\u00bb column_direction_phone=\u00bbdefault\u00bb bottom_padding=\u00bb60&#8243; bottom_padding_tablet=\u00bb20&#8243; text_align=\u00bbleft\u00bb][vc_column_inner column_padding=\u00bbno-extra-padding\u00bb column_padding_tablet=\u00bbinherit\u00bb column_padding_phone=\u00bbinherit\u00bb column_padding_position=\u00bball\u00bb background_color_opacity=\u00bb1&#8243; background_hover_color_opacity=\u00bb1&#8243; column_shadow=\u00bbnone\u00bb column_border_radius=\u00bbnone\u00bb column_link_target=\u00bb_self\u00bb gradient_direction=\u00bbleft_to_right\u00bb overlay_strength=\u00bb0.3&#8243; width=\u00bb1\/6&#8243; tablet_width_inherit=\u00bbdefault\u00bb column_border_width=\u00bbnone\u00bb column_border_style=\u00bbsolid\u00bb bg_image_animation=\u00bbnone\u00bb enable_animation=\u00bbtrue\u00bb animation=\u00bbfade-in-from-bottom\u00bb][\/vc_column_inner][vc_column_inner column_padding=\u00bbno-extra-padding\u00bb column_padding_tablet=\u00bbinherit\u00bb column_padding_phone=\u00bbinherit\u00bb column_padding_position=\u00bball\u00bb background_color_opacity=\u00bb1&#8243; background_hover_color_opacity=\u00bb1&#8243; column_shadow=\u00bbnone\u00bb column_border_radius=\u00bbnone\u00bb column_link_target=\u00bb_self\u00bb gradient_direction=\u00bbleft_to_right\u00bb overlay_strength=\u00bb0.3&#8243; width=\u00bb2\/3&#8243; tablet_width_inherit=\u00bbdefault\u00bb column_border_width=\u00bbnone\u00bb column_border_style=\u00bbsolid\u00bb bg_image_animation=\u00bbnone\u00bb enable_animation=\u00bbtrue\u00bb animation=\u00bbfade-in-from-bottom\u00bb][nectar_highlighted_text color_type=\u00bbregular\u00bb highlight_color=\u00bb#ff6b30&#8243; text_color=\u00bb#ffffff\u00bb style=\u00bbhalf_text\u00bb custom_font_size=\u00bb10vh\u00bb delay=\u00bb200&#8243;]\n<h1 style=\"text-align: center;\">De verano<\/h1>\n<p style=\"text-align: center;\">Joyas con aires mediterr\u00e1neos.<\/p>\n[\/nectar_highlighted_text][\/vc_column_inner][vc_column_inner column_padding=\u00bbno-extra-padding\u00bb column_padding_tablet=\u00bbinherit\u00bb column_padding_phone=\u00bbinherit\u00bb column_padding_position=\u00bball\u00bb background_color_opacity=\u00bb1&#8243; background_hover_color_opacity=\u00bb1&#8243; column_shadow=\u00bbnone\u00bb column_border_radius=\u00bbnone\u00bb column_link_target=\u00bb_self\u00bb gradient_direction=\u00bbleft_to_right\u00bb overlay_strength=\u00bb0.3&#8243; width=\u00bb1\/6&#8243; tablet_width_inherit=\u00bbdefault\u00bb column_border_width=\u00bbnone\u00bb column_border_style=\u00bbsolid\u00bb bg_image_animation=\u00bbnone\u00bb][\/vc_column_inner][\/vc_row_inner][\/vc_column][\/vc_row][vc_row type=\u00bbfull_width_background\u00bb full_screen_row_position=\u00bbmiddle\u00bb column_margin=\u00bbdefault\u00bb column_direction=\u00bbdefault\u00bb column_direction_tablet=\u00bbdefault\u00bb column_direction_phone=\u00bbdefault\u00bb bg_color=\u00bb#ffffff\u00bb scene_position=\u00bbcenter\u00bb top_padding=\u00bb6%\u00bb bottom_padding=\u00bb6%\u00bb text_color=\u00bbdark\u00bb text_align=\u00bbleft\u00bb row_border_radius=\u00bbnone\u00bb row_border_radius_applies=\u00bbbg\u00bb overlay_strength=\u00bb0.3&#8243; gradient_direction=\u00bbleft_to_right\u00bb shape_divider_position=\u00bbbottom\u00bb bg_image_animation=\u00bbnone\u00bb shape_type=\u00bb\u00bb][vc_column column_padding=\u00bbno-extra-padding\u00bb column_padding_tablet=\u00bbinherit\u00bb column_padding_phone=\u00bbinherit\u00bb column_padding_position=\u00bball\u00bb background_color_opacity=\u00bb1&#8243; background_hover_color_opacity=\u00bb1&#8243; column_shadow=\u00bbnone\u00bb column_border_radius=\u00bbnone\u00bb column_link_target=\u00bb_self\u00bb gradient_direction=\u00bbleft_to_right\u00bb overlay_strength=\u00bb0.3&#8243; width=\u00bb1\/1&#8243; tablet_width_inherit=\u00bbdefault\u00bb tablet_text_alignment=\u00bbdefault\u00bb phone_text_alignment=\u00bbdefault\u00bb column_border_width=\u00bbnone\u00bb column_border_style=\u00bbsolid\u00bb bg_image_animation=\u00bbnone\u00bb][nectar_woo_products product_type=\u00bball\u00bb category=\u00bbcoleccion-verano\u00bb columns=\u00bb4&#8243; orderby=\u00bbdate\u00bb order=\u00bbDESC\u00bb per_page=\u00bb100&#8243;][\/vc_column][\/vc_row]\n","protected":false},"excerpt":{"rendered":"<p>[vc_row type=\u00bbfull_width_background\u00bb full_screen_row_position=\u00bbmiddle\u00bb column_margin=\u00bbdefault\u00bb equal_height=\u00bbyes\u00bb column_direction=\u00bbdefault\u00bb column_direction_tablet=\u00bbdefault\u00bb column_direction_phone=\u00bbdefault\u00bb bg_color=\u00bbrgba(158,158,158,0.89)\u00bb bg_image=\u00bb28321&#8243; bg_position=\u00bbcenter center\u00bb bg_repeat=\u00bbno-repeat\u00bb scene_position=\u00bbcenter\u00bb top_padding=\u00bb13%\u00bb constrain_group_1=\u00bbyes\u00bb bottom_padding=\u00bb13%\u00bb top_padding_tablet=\u00bb20%\u00bb bottom_padding_tablet=\u00bb25%\u00bb text_color=\u00bblight\u00bb text_align=\u00bbleft\u00bb row_border_radius=\u00bbnone\u00bb row_border_radius_applies=\u00bbbg\u00bb color_overlay=\u00bb#383838&#8243; color_overlay_2=\u00bb#565656&#8243; overlay_strength=\u00bb0.5&#8243; gradient_direction=\u00bbleft_to_right\u00bb shape_divider_position=\u00bbbottom\u00bb bg_image_animation=\u00bbnone\u00bb parallax_bg=\u00bbtrue\u00bb&#8230;<\/p>\n","protected":false},"author":1,"featured_media":0,"parent":17127,"menu_order":0,"comment_status":"closed","ping_status":"closed","template":"","meta":{"inline_featured_image":false,"_joinchat":[],"footnotes":""},"class_list":["post-21447","page","type-page","status-publish"],"yoast_head":"<!-- This site is optimized with the Yoast SEO plugin v27.2 - https:\/\/yoast.com\/product\/yoast-seo-wordpress\/ -->\n<title>De verano | Com\u00edn - joyer\u00eda creativa<\/title>\n<meta name=\"description\" content=\"Joyas con aires mediterr\u00e1neos.\" \/>\n<meta name=\"robots\" content=\"index, follow, max-snippet:-1, max-image-preview:large, max-video-preview:-1\" \/>\n<link rel=\"canonical\" href=\"https:\/\/www.comin-joieriacreativa.com\/es\/colecciones\/verano\/\" \/>\n<meta property=\"og:locale\" content=\"es_ES\" \/>\n<meta property=\"og:type\" content=\"article\" \/>\n<meta property=\"og:title\" content=\"De verano | Com\u00edn - joyer\u00eda creativa\" \/>\n<meta property=\"og:description\" content=\"Joyas con aires mediterr\u00e1neos.\" \/>\n<meta property=\"og:url\" content=\"https:\/\/www.comin-joieriacreativa.com\/es\/colecciones\/verano\/\" \/>\n<meta property=\"og:site_name\" content=\"Comin Joieria Creativa\" \/>\n<meta property=\"article:publisher\" content=\"https:\/\/www.facebook.com\/lluis.comin.joieria.creativa\/\" \/>\n<meta property=\"article:modified_time\" content=\"2023-06-07T11:27:02+00:00\" \/>\n<meta property=\"og:image\" content=\"https:\/\/www.comin-joieriacreativa.com\/wp-content\/uploads\/2021\/06\/verano.jpg\" \/>\n\t<meta property=\"og:image:width\" content=\"2000\" \/>\n\t<meta property=\"og:image:height\" content=\"1500\" \/>\n\t<meta property=\"og:image:type\" content=\"image\/jpeg\" \/>\n<meta name=\"twitter:card\" content=\"summary_large_image\" \/>\n<meta name=\"twitter:image\" content=\"https:\/\/www.comin-joieriacreativa.com\/wp-content\/uploads\/2021\/06\/verano.jpg\" \/>\n<meta name=\"twitter:label1\" content=\"Tiempo de lectura\" \/>\n\t<meta name=\"twitter:data1\" content=\"1 minuto\" \/>\n<script type=\"application\/ld+json\" class=\"yoast-schema-graph\">{\"@context\":\"https:\/\/schema.org\",\"@graph\":[{\"@type\":\"WebPage\",\"@id\":\"https:\/\/www.comin-joieriacreativa.com\/es\/colecciones\/verano\/\",\"url\":\"https:\/\/www.comin-joieriacreativa.com\/es\/colecciones\/verano\/\",\"name\":\"De verano | Com\u00edn - joyer\u00eda creativa\",\"isPartOf\":{\"@id\":\"https:\/\/www.comin-joieriacreativa.com\/es\/#website\"},\"datePublished\":\"2021-06-08T15:11:25+00:00\",\"dateModified\":\"2023-06-07T11:27:02+00:00\",\"description\":\"Joyas con aires mediterr\u00e1neos.\",\"breadcrumb\":{\"@id\":\"https:\/\/www.comin-joieriacreativa.com\/es\/colecciones\/verano\/#breadcrumb\"},\"inLanguage\":\"es\",\"potentialAction\":[{\"@type\":\"ReadAction\",\"target\":[\"https:\/\/www.comin-joieriacreativa.com\/es\/colecciones\/verano\/\"]}]},{\"@type\":\"BreadcrumbList\",\"@id\":\"https:\/\/www.comin-joieriacreativa.com\/es\/colecciones\/verano\/#breadcrumb\",\"itemListElement\":[{\"@type\":\"ListItem\",\"position\":1,\"name\":\"Portada\",\"item\":\"https:\/\/www.comin-joieriacreativa.com\/es\/\"},{\"@type\":\"ListItem\",\"position\":2,\"name\":\"Colecciones\",\"item\":\"https:\/\/www.comin-joieriacreativa.com\/es\/colecciones\/\"},{\"@type\":\"ListItem\",\"position\":3,\"name\":\"De verano\"}]},{\"@type\":\"WebSite\",\"@id\":\"https:\/\/www.comin-joieriacreativa.com\/es\/#website\",\"url\":\"https:\/\/www.comin-joieriacreativa.com\/es\/\",\"name\":\"Comin Joieria Creativa\",\"description\":\"Joieria creativa d&#039;autor a Barcelona\",\"publisher\":{\"@id\":\"https:\/\/www.comin-joieriacreativa.com\/es\/#organization\"},\"alternateName\":\"Comin Joieria\",\"potentialAction\":[{\"@type\":\"SearchAction\",\"target\":{\"@type\":\"EntryPoint\",\"urlTemplate\":\"https:\/\/www.comin-joieriacreativa.com\/es\/?s={search_term_string}\"},\"query-input\":{\"@type\":\"PropertyValueSpecification\",\"valueRequired\":true,\"valueName\":\"search_term_string\"}}],\"inLanguage\":\"es\"},{\"@type\":\"Organization\",\"@id\":\"https:\/\/www.comin-joieriacreativa.com\/es\/#organization\",\"name\":\"Com\u00edn - Joieria Creativa\",\"alternateName\":\"Com\u00edn Joieria\",\"url\":\"https:\/\/www.comin-joieriacreativa.com\/es\/\",\"logo\":{\"@type\":\"ImageObject\",\"inLanguage\":\"es\",\"@id\":\"https:\/\/www.comin-joieriacreativa.com\/es\/#\/schema\/logo\/image\/\",\"url\":\"https:\/\/www.comin-joieriacreativa.com\/wp-content\/uploads\/2018\/03\/logo.png\",\"contentUrl\":\"https:\/\/www.comin-joieriacreativa.com\/wp-content\/uploads\/2018\/03\/logo.png\",\"width\":300,\"height\":139,\"caption\":\"Com\u00edn - Joieria Creativa\"},\"image\":{\"@id\":\"https:\/\/www.comin-joieriacreativa.com\/es\/#\/schema\/logo\/image\/\"},\"sameAs\":[\"https:\/\/www.facebook.com\/lluis.comin.joieria.creativa\/\",\"https:\/\/www.instagram.com\/comin_joieria_creativa\/\",\"https:\/\/www.youtube.com\/channel\/UC05kKu56LG4wNvrlhTqvsvA\",\"https:\/\/es.pinterest.com\/cominjoieriacreativa\/\"]}]}<\/script>\n<!-- \/ Yoast SEO plugin. -->","yoast_head_json":{"title":"De verano | Com\u00edn - joyer\u00eda creativa","description":"Joyas con aires mediterr\u00e1neos.","robots":{"index":"index","follow":"follow","max-snippet":"max-snippet:-1","max-image-preview":"max-image-preview:large","max-video-preview":"max-video-preview:-1"},"canonical":"https:\/\/www.comin-joieriacreativa.com\/es\/colecciones\/verano\/","og_locale":"es_ES","og_type":"article","og_title":"De verano | Com\u00edn - joyer\u00eda creativa","og_description":"Joyas con aires mediterr\u00e1neos.","og_url":"https:\/\/www.comin-joieriacreativa.com\/es\/colecciones\/verano\/","og_site_name":"Comin Joieria Creativa","article_publisher":"https:\/\/www.facebook.com\/lluis.comin.joieria.creativa\/","article_modified_time":"2023-06-07T11:27:02+00:00","og_image":[{"width":2000,"height":1500,"url":"https:\/\/www.comin-joieriacreativa.com\/wp-content\/uploads\/2021\/06\/verano.jpg","type":"image\/jpeg"}],"twitter_card":"summary_large_image","twitter_image":"https:\/\/www.comin-joieriacreativa.com\/wp-content\/uploads\/2021\/06\/verano.jpg","twitter_misc":{"Tiempo de lectura":"1 minuto"},"schema":{"@context":"https:\/\/schema.org","@graph":[{"@type":"WebPage","@id":"https:\/\/www.comin-joieriacreativa.com\/es\/colecciones\/verano\/","url":"https:\/\/www.comin-joieriacreativa.com\/es\/colecciones\/verano\/","name":"De verano | Com\u00edn - joyer\u00eda creativa","isPartOf":{"@id":"https:\/\/www.comin-joieriacreativa.com\/es\/#website"},"datePublished":"2021-06-08T15:11:25+00:00","dateModified":"2023-06-07T11:27:02+00:00","description":"Joyas con aires mediterr\u00e1neos.","breadcrumb":{"@id":"https:\/\/www.comin-joieriacreativa.com\/es\/colecciones\/verano\/#breadcrumb"},"inLanguage":"es","potentialAction":[{"@type":"ReadAction","target":["https:\/\/www.comin-joieriacreativa.com\/es\/colecciones\/verano\/"]}]},{"@type":"BreadcrumbList","@id":"https:\/\/www.comin-joieriacreativa.com\/es\/colecciones\/verano\/#breadcrumb","itemListElement":[{"@type":"ListItem","position":1,"name":"Portada","item":"https:\/\/www.comin-joieriacreativa.com\/es\/"},{"@type":"ListItem","position":2,"name":"Colecciones","item":"https:\/\/www.comin-joieriacreativa.com\/es\/colecciones\/"},{"@type":"ListItem","position":3,"name":"De verano"}]},{"@type":"WebSite","@id":"https:\/\/www.comin-joieriacreativa.com\/es\/#website","url":"https:\/\/www.comin-joieriacreativa.com\/es\/","name":"Comin Joieria Creativa","description":"Joieria creativa d&#039;autor a Barcelona","publisher":{"@id":"https:\/\/www.comin-joieriacreativa.com\/es\/#organization"},"alternateName":"Comin Joieria","potentialAction":[{"@type":"SearchAction","target":{"@type":"EntryPoint","urlTemplate":"https:\/\/www.comin-joieriacreativa.com\/es\/?s={search_term_string}"},"query-input":{"@type":"PropertyValueSpecification","valueRequired":true,"valueName":"search_term_string"}}],"inLanguage":"es"},{"@type":"Organization","@id":"https:\/\/www.comin-joieriacreativa.com\/es\/#organization","name":"Com\u00edn - Joieria Creativa","alternateName":"Com\u00edn Joieria","url":"https:\/\/www.comin-joieriacreativa.com\/es\/","logo":{"@type":"ImageObject","inLanguage":"es","@id":"https:\/\/www.comin-joieriacreativa.com\/es\/#\/schema\/logo\/image\/","url":"https:\/\/www.comin-joieriacreativa.com\/wp-content\/uploads\/2018\/03\/logo.png","contentUrl":"https:\/\/www.comin-joieriacreativa.com\/wp-content\/uploads\/2018\/03\/logo.png","width":300,"height":139,"caption":"Com\u00edn - Joieria Creativa"},"image":{"@id":"https:\/\/www.comin-joieriacreativa.com\/es\/#\/schema\/logo\/image\/"},"sameAs":["https:\/\/www.facebook.com\/lluis.comin.joieria.creativa\/","https:\/\/www.instagram.com\/comin_joieria_creativa\/","https:\/\/www.youtube.com\/channel\/UC05kKu56LG4wNvrlhTqvsvA","https:\/\/es.pinterest.com\/cominjoieriacreativa\/"]}]}},"_links":{"self":[{"href":"https:\/\/www.comin-joieriacreativa.com\/es\/wp-json\/wp\/v2\/pages\/21447","targetHints":{"allow":["GET"]}}],"collection":[{"href":"https:\/\/www.comin-joieriacreativa.com\/es\/wp-json\/wp\/v2\/pages"}],"about":[{"href":"https:\/\/www.comin-joieriacreativa.com\/es\/wp-json\/wp\/v2\/types\/page"}],"author":[{"embeddable":true,"href":"https:\/\/www.comin-joieriacreativa.com\/es\/wp-json\/wp\/v2\/users\/1"}],"replies":[{"embeddable":true,"href":"https:\/\/www.comin-joieriacreativa.com\/es\/wp-json\/wp\/v2\/comments?post=21447"}],"version-history":[{"count":0,"href":"https:\/\/www.comin-joieriacreativa.com\/es\/wp-json\/wp\/v2\/pages\/21447\/revisions"}],"up":[{"embeddable":true,"href":"https:\/\/www.comin-joieriacreativa.com\/es\/wp-json\/wp\/v2\/pages\/17127"}],"wp:attachment":[{"href":"https:\/\/www.comin-joieriacreativa.com\/es\/wp-json\/wp\/v2\/media?parent=21447"}],"curies":[{"name":"wp","href":"https:\/\/api.w.org\/{rel}","templated":true}]}}