{"id":28481,"date":"2023-07-10T10:47:15","date_gmt":"2023-07-10T10:47:15","guid":{"rendered":"https:\/\/www.comin-joieriacreativa.com\/?page_id=28481"},"modified":"2026-03-03T18:16:57","modified_gmt":"2026-03-03T17:16:57","slug":"esencia-barcelona","status":"publish","type":"page","link":"https:\/\/www.comin-joieriacreativa.com\/es\/colecciones\/esencia-barcelona\/","title":{"rendered":"Esencia de Barcelona"},"content":{"rendered":"[vc_row type=\u00bbfull_width_background\u00bb full_screen_row_position=\u00bbmiddle\u00bb column_margin=\u00bbdefault\u00bb equal_height=\u00bbyes\u00bb column_direction=\u00bbdefault\u00bb column_direction_tablet=\u00bbdefault\u00bb column_direction_phone=\u00bbdefault\u00bb bg_color=\u00bbrgba(158,158,158,0.89)\u00bb bg_image=\u00bb35294&#8243; bg_image_type=\u00bbdefault\u00bb bg_position=\u00bbcenter center\u00bb background_image_loading=\u00bbdefault\u00bb bg_repeat=\u00bbno-repeat\u00bb scene_position=\u00bbcenter\u00bb top_padding=\u00bb13%\u00bb constrain_group_1=\u00bbyes\u00bb bottom_padding=\u00bb13%\u00bb top_padding_tablet=\u00bb20%\u00bb bottom_padding_tablet=\u00bb25%\u00bb text_color=\u00bblight\u00bb text_align=\u00bbleft\u00bb row_border_radius=\u00bbnone\u00bb row_border_radius_applies=\u00bbbg\u00bb row_position_desktop=\u00bbdefault\u00bb row_position_tablet=\u00bbinherit\u00bb row_position_phone=\u00bbinherit\u00bb overflow=\u00bbvisible\u00bb color_overlay=\u00bb#383838&#8243; color_overlay_2=\u00bb#565656&#8243; overlay_strength=\u00bb0.5&#8243; gradient_direction=\u00bbleft_to_right\u00bb shape_divider_position=\u00bbbottom\u00bb bg_image_animation=\u00bbnone\u00bb parallax_bg=\u00bbtrue\u00bb parallax_bg_speed=\u00bbfast\u00bb shape_type=\u00bbcurve\u00bb gradient_type=\u00bbdefault\u00bb][vc_column column_padding=\u00bbno-extra-padding\u00bb column_padding_tablet=\u00bbinherit\u00bb column_padding_phone=\u00bbinherit\u00bb column_padding_position=\u00bball\u00bb flex_gap_desktop=\u00bb10px\u00bb column_element_direction_desktop=\u00bbdefault\u00bb column_element_spacing=\u00bbdefault\u00bb centered_text=\u00bbtrue\u00bb desktop_text_alignment=\u00bbdefault\u00bb tablet_text_alignment=\u00bbdefault\u00bb phone_text_alignment=\u00bbdefault\u00bb background_color_opacity=\u00bb1&#8243; background_hover_color_opacity=\u00bb1&#8243; column_backdrop_filter=\u00bbnone\u00bb column_shadow=\u00bbnone\u00bb column_border_radius=\u00bbnone\u00bb column_link_target=\u00bb_self\u00bb column_position=\u00bbdefault\u00bb gradient_direction=\u00bbleft_to_right\u00bb overlay_strength=\u00bb0.3&#8243; width=\u00bb1\/1&#8243; tablet_width_inherit=\u00bbdefault\u00bb animation_type=\u00bbdefault\u00bb bg_image_animation=\u00bbnone\u00bb border_type=\u00bbsimple\u00bb column_border_width=\u00bbnone\u00bb column_border_style=\u00bbsolid\u00bb][vc_row_inner column_margin=\u00bbnone\u00bb column_direction=\u00bbdefault\u00bb column_direction_tablet=\u00bbdefault\u00bb column_direction_phone=\u00bbdefault\u00bb bottom_padding=\u00bb60&#8243; bottom_padding_tablet=\u00bb20&#8243; text_align=\u00bbleft\u00bb row_position=\u00bbdefault\u00bb row_position_tablet=\u00bbinherit\u00bb row_position_phone=\u00bbinherit\u00bb overflow=\u00bbvisible\u00bb pointer_events=\u00bball\u00bb][vc_column_inner column_padding=\u00bbno-extra-padding\u00bb column_padding_tablet=\u00bbinherit\u00bb column_padding_phone=\u00bbinherit\u00bb column_padding_position=\u00bball\u00bb flex_gap_desktop=\u00bb10px\u00bb column_element_direction_desktop=\u00bbdefault\u00bb column_element_spacing=\u00bbdefault\u00bb desktop_text_alignment=\u00bbdefault\u00bb tablet_text_alignment=\u00bbdefault\u00bb phone_text_alignment=\u00bbdefault\u00bb background_color_opacity=\u00bb1&#8243; background_hover_color_opacity=\u00bb1&#8243; column_backdrop_filter=\u00bbnone\u00bb column_shadow=\u00bbnone\u00bb column_border_radius=\u00bbnone\u00bb column_link_target=\u00bb_self\u00bb overflow=\u00bbvisible\u00bb gradient_direction=\u00bbleft_to_right\u00bb overlay_strength=\u00bb0.3&#8243; width=\u00bb1\/6&#8243; tablet_width_inherit=\u00bbdefault\u00bb animation_type=\u00bbdefault\u00bb enable_animation=\u00bbtrue\u00bb animation=\u00bbfade-in-from-bottom\u00bb animation_easing=\u00bbdefault\u00bb bg_image_animation=\u00bbnone\u00bb border_type=\u00bbsimple\u00bb column_border_width=\u00bbnone\u00bb column_border_style=\u00bbsolid\u00bb][\/vc_column_inner][vc_column_inner column_padding=\u00bbno-extra-padding\u00bb column_padding_tablet=\u00bbinherit\u00bb column_padding_phone=\u00bbinherit\u00bb column_padding_position=\u00bball\u00bb flex_gap_desktop=\u00bb10px\u00bb column_element_direction_desktop=\u00bbdefault\u00bb column_element_spacing=\u00bbdefault\u00bb desktop_text_alignment=\u00bbdefault\u00bb tablet_text_alignment=\u00bbdefault\u00bb phone_text_alignment=\u00bbdefault\u00bb background_color_opacity=\u00bb1&#8243; background_hover_color_opacity=\u00bb1&#8243; column_backdrop_filter=\u00bbnone\u00bb column_shadow=\u00bbnone\u00bb column_border_radius=\u00bbnone\u00bb column_link_target=\u00bb_self\u00bb overflow=\u00bbvisible\u00bb gradient_direction=\u00bbleft_to_right\u00bb overlay_strength=\u00bb0.3&#8243; width=\u00bb2\/3&#8243; tablet_width_inherit=\u00bbdefault\u00bb animation_type=\u00bbdefault\u00bb enable_animation=\u00bbtrue\u00bb animation=\u00bbfade-in-from-bottom\u00bb animation_easing=\u00bbdefault\u00bb bg_image_animation=\u00bbnone\u00bb border_type=\u00bbsimple\u00bb column_border_width=\u00bbnone\u00bb column_border_style=\u00bbsolid\u00bb][nectar_highlighted_text color_type=\u00bbregular\u00bb highlight_color=\u00bb#ff6b30&#8243; text_color=\u00bb#ffffff\u00bb style=\u00bbhalf_text\u00bb custom_font_size=\u00bb10vh\u00bb delay=\u00bb200&#8243; text_direction=\u00bbdefault\u00bb]\n<h1 style=\"text-align: center;\">Colecci\u00f3n Esencia de Barcelona<\/h1>\n<p style=\"text-align: center;\">Joyas inspiradas en las ic\u00f3nicas baldosas en forma de flor de las calles de Barcelona, nuestras piezas capturan su encanto y herencia cultural. Hechas a mano con meticulosa atenci\u00f3n al detalle, cada joya es un s\u00edmbolo de la vibrante energ\u00eda de Barcelona. \u00a1Lleva contigo un pedacito de esta maravillosa ciudad!<\/p>\n[\/nectar_highlighted_text][\/vc_column_inner][vc_column_inner column_padding=\u00bbno-extra-padding\u00bb column_padding_tablet=\u00bbinherit\u00bb column_padding_phone=\u00bbinherit\u00bb column_padding_position=\u00bball\u00bb flex_gap_desktop=\u00bb10px\u00bb column_element_direction_desktop=\u00bbdefault\u00bb column_element_spacing=\u00bbdefault\u00bb desktop_text_alignment=\u00bbdefault\u00bb tablet_text_alignment=\u00bbdefault\u00bb phone_text_alignment=\u00bbdefault\u00bb background_color_opacity=\u00bb1&#8243; background_hover_color_opacity=\u00bb1&#8243; column_backdrop_filter=\u00bbnone\u00bb column_shadow=\u00bbnone\u00bb column_border_radius=\u00bbnone\u00bb column_link_target=\u00bb_self\u00bb overflow=\u00bbvisible\u00bb gradient_direction=\u00bbleft_to_right\u00bb overlay_strength=\u00bb0.3&#8243; width=\u00bb1\/6&#8243; tablet_width_inherit=\u00bbdefault\u00bb animation_type=\u00bbdefault\u00bb bg_image_animation=\u00bbnone\u00bb border_type=\u00bbsimple\u00bb column_border_width=\u00bbnone\u00bb column_border_style=\u00bbsolid\u00bb][\/vc_column_inner][\/vc_row_inner][\/vc_column][\/vc_row][vc_row type=\u00bbfull_width_background\u00bb full_screen_row_position=\u00bbmiddle\u00bb column_margin=\u00bbdefault\u00bb column_direction=\u00bbdefault\u00bb column_direction_tablet=\u00bbdefault\u00bb column_direction_phone=\u00bbdefault\u00bb bg_color=\u00bb#ffffff\u00bb scene_position=\u00bbcenter\u00bb top_padding=\u00bb6%\u00bb bottom_padding=\u00bb6%\u00bb text_color=\u00bbdark\u00bb text_align=\u00bbleft\u00bb row_border_radius=\u00bbnone\u00bb row_border_radius_applies=\u00bbbg\u00bb row_position_desktop=\u00bbdefault\u00bb row_position_tablet=\u00bbinherit\u00bb row_position_phone=\u00bbinherit\u00bb overflow=\u00bbvisible\u00bb overlay_strength=\u00bb0.3&#8243; gradient_direction=\u00bbleft_to_right\u00bb shape_divider_position=\u00bbbottom\u00bb bg_image_animation=\u00bbnone\u00bb shape_type=\u00bb\u00bb][vc_column column_padding=\u00bbno-extra-padding\u00bb column_padding_tablet=\u00bbinherit\u00bb column_padding_phone=\u00bbinherit\u00bb column_padding_position=\u00bball\u00bb flex_gap_desktop=\u00bb10px\u00bb column_element_direction_desktop=\u00bbdefault\u00bb column_element_spacing=\u00bbdefault\u00bb desktop_text_alignment=\u00bbdefault\u00bb tablet_text_alignment=\u00bbdefault\u00bb phone_text_alignment=\u00bbdefault\u00bb background_color_opacity=\u00bb1&#8243; background_hover_color_opacity=\u00bb1&#8243; column_backdrop_filter=\u00bbnone\u00bb column_shadow=\u00bbnone\u00bb column_border_radius=\u00bbnone\u00bb column_link_target=\u00bb_self\u00bb column_position=\u00bbdefault\u00bb gradient_direction=\u00bbleft_to_right\u00bb overlay_strength=\u00bb0.3&#8243; width=\u00bb1\/1&#8243; tablet_width_inherit=\u00bbdefault\u00bb animation_type=\u00bbdefault\u00bb bg_image_animation=\u00bbnone\u00bb border_type=\u00bbsimple\u00bb column_border_width=\u00bbnone\u00bb column_border_style=\u00bbsolid\u00bb][nectar_woo_products product_type=\u00bball\u00bb category=\u00bbcoleccion-esencia-barcelona\u00bb columns=\u00bb4&#8243; flickity_mobile_column_width=\u00bb100%\u00bb orderby=\u00bbdate\u00bb order=\u00bbDESC\u00bb per_page=\u00bb20&#8243;][\/vc_column][\/vc_row]\n","protected":false},"excerpt":{"rendered":"<p>[vc_row type=\u00bbfull_width_background\u00bb full_screen_row_position=\u00bbmiddle\u00bb column_margin=\u00bbdefault\u00bb equal_height=\u00bbyes\u00bb column_direction=\u00bbdefault\u00bb column_direction_tablet=\u00bbdefault\u00bb column_direction_phone=\u00bbdefault\u00bb bg_color=\u00bbrgba(158,158,158,0.89)\u00bb bg_image=\u00bb35294&#8243; bg_image_type=\u00bbdefault\u00bb bg_position=\u00bbcenter center\u00bb background_image_loading=\u00bbdefault\u00bb bg_repeat=\u00bbno-repeat\u00bb scene_position=\u00bbcenter\u00bb top_padding=\u00bb13%\u00bb constrain_group_1=\u00bbyes\u00bb bottom_padding=\u00bb13%\u00bb top_padding_tablet=\u00bb20%\u00bb bottom_padding_tablet=\u00bb25%\u00bb text_color=\u00bblight\u00bb text_align=\u00bbleft\u00bb row_border_radius=\u00bbnone\u00bb row_border_radius_applies=\u00bbbg\u00bb row_position_desktop=\u00bbdefault\u00bb row_position_tablet=\u00bbinherit\u00bb row_position_phone=\u00bbinherit\u00bb overflow=\u00bbvisible\u00bb color_overlay=\u00bb#383838&#8243;&#8230;<\/p>\n","protected":false},"author":1,"featured_media":0,"parent":17127,"menu_order":0,"comment_status":"closed","ping_status":"closed","template":"","meta":{"inline_featured_image":false,"_joinchat":[],"footnotes":""},"class_list":["post-28481","page","type-page","status-publish"],"yoast_head":"<!-- This site is optimized with the Yoast SEO plugin v27.2 - https:\/\/yoast.com\/product\/yoast-seo-wordpress\/ -->\n<title>Colecci\u00f3n Esencia de Barcelona | Com\u00edn - joyer\u00eda creativa<\/title>\n<meta name=\"description\" content=\"Joyas inspiradas en las ic\u00f3nicas baldosas en forma de flor de las calles de Barcelona, capturando su encanto y herencia cultural.\" \/>\n<meta name=\"robots\" content=\"index, follow, max-snippet:-1, max-image-preview:large, max-video-preview:-1\" \/>\n<link rel=\"canonical\" href=\"https:\/\/www.comin-joieriacreativa.com\/es\/colecciones\/esencia-barcelona\/\" \/>\n<meta property=\"og:locale\" content=\"es_ES\" \/>\n<meta property=\"og:type\" content=\"article\" \/>\n<meta property=\"og:title\" content=\"Colecci\u00f3n Esencia de Barcelona | Com\u00edn - joyer\u00eda creativa\" \/>\n<meta property=\"og:description\" content=\"Joyas inspiradas en las ic\u00f3nicas baldosas en forma de flor de las calles de Barcelona, capturando su encanto y herencia cultural.\" \/>\n<meta property=\"og:url\" content=\"https:\/\/www.comin-joieriacreativa.com\/es\/colecciones\/esencia-barcelona\/\" \/>\n<meta property=\"og:site_name\" content=\"Comin Joieria Creativa\" \/>\n<meta property=\"article:publisher\" content=\"https:\/\/www.facebook.com\/lluis.comin.joieria.creativa\/\" \/>\n<meta property=\"article:modified_time\" content=\"2026-03-03T17:16:57+00:00\" \/>\n<meta property=\"og:image\" content=\"https:\/\/www.comin-joieriacreativa.com\/wp-content\/uploads\/2023\/07\/essencia-barcelona-joyas.jpg\" \/>\n\t<meta property=\"og:image:width\" content=\"2000\" \/>\n\t<meta property=\"og:image:height\" content=\"1037\" \/>\n\t<meta property=\"og:image:type\" content=\"image\/jpeg\" \/>\n<meta name=\"twitter:card\" content=\"summary_large_image\" \/>\n<meta name=\"twitter:image\" content=\"https:\/\/www.comin-joieriacreativa.com\/wp-content\/uploads\/2023\/07\/essencia-barcelona-joyas.jpg\" \/>\n<meta name=\"twitter:label1\" content=\"Tiempo de lectura\" \/>\n\t<meta name=\"twitter:data1\" content=\"1 minuto\" \/>\n<script type=\"application\/ld+json\" class=\"yoast-schema-graph\">{\"@context\":\"https:\/\/schema.org\",\"@graph\":[{\"@type\":\"WebPage\",\"@id\":\"https:\/\/www.comin-joieriacreativa.com\/es\/colecciones\/esencia-barcelona\/\",\"url\":\"https:\/\/www.comin-joieriacreativa.com\/es\/colecciones\/esencia-barcelona\/\",\"name\":\"Colecci\u00f3n Esencia de Barcelona | Com\u00edn - joyer\u00eda creativa\",\"isPartOf\":{\"@id\":\"https:\/\/www.comin-joieriacreativa.com\/es\/#website\"},\"datePublished\":\"2023-07-10T10:47:15+00:00\",\"dateModified\":\"2026-03-03T17:16:57+00:00\",\"description\":\"Joyas inspiradas en las ic\u00f3nicas baldosas en forma de flor de las calles de Barcelona, capturando su encanto y herencia cultural.\",\"breadcrumb\":{\"@id\":\"https:\/\/www.comin-joieriacreativa.com\/es\/colecciones\/esencia-barcelona\/#breadcrumb\"},\"inLanguage\":\"es\",\"potentialAction\":[{\"@type\":\"ReadAction\",\"target\":[\"https:\/\/www.comin-joieriacreativa.com\/es\/colecciones\/esencia-barcelona\/\"]}]},{\"@type\":\"BreadcrumbList\",\"@id\":\"https:\/\/www.comin-joieriacreativa.com\/es\/colecciones\/esencia-barcelona\/#breadcrumb\",\"itemListElement\":[{\"@type\":\"ListItem\",\"position\":1,\"name\":\"Portada\",\"item\":\"https:\/\/www.comin-joieriacreativa.com\/es\/\"},{\"@type\":\"ListItem\",\"position\":2,\"name\":\"Colecciones\",\"item\":\"https:\/\/www.comin-joieriacreativa.com\/es\/colecciones\/\"},{\"@type\":\"ListItem\",\"position\":3,\"name\":\"Esencia de Barcelona\"}]},{\"@type\":\"WebSite\",\"@id\":\"https:\/\/www.comin-joieriacreativa.com\/es\/#website\",\"url\":\"https:\/\/www.comin-joieriacreativa.com\/es\/\",\"name\":\"Comin Joieria Creativa\",\"description\":\"Joieria creativa d&#039;autor a Barcelona\",\"publisher\":{\"@id\":\"https:\/\/www.comin-joieriacreativa.com\/es\/#organization\"},\"alternateName\":\"Comin Joieria\",\"potentialAction\":[{\"@type\":\"SearchAction\",\"target\":{\"@type\":\"EntryPoint\",\"urlTemplate\":\"https:\/\/www.comin-joieriacreativa.com\/es\/?s={search_term_string}\"},\"query-input\":{\"@type\":\"PropertyValueSpecification\",\"valueRequired\":true,\"valueName\":\"search_term_string\"}}],\"inLanguage\":\"es\"},{\"@type\":\"Organization\",\"@id\":\"https:\/\/www.comin-joieriacreativa.com\/es\/#organization\",\"name\":\"Com\u00edn - Joieria Creativa\",\"alternateName\":\"Com\u00edn Joieria\",\"url\":\"https:\/\/www.comin-joieriacreativa.com\/es\/\",\"logo\":{\"@type\":\"ImageObject\",\"inLanguage\":\"es\",\"@id\":\"https:\/\/www.comin-joieriacreativa.com\/es\/#\/schema\/logo\/image\/\",\"url\":\"https:\/\/www.comin-joieriacreativa.com\/wp-content\/uploads\/2018\/03\/logo.png\",\"contentUrl\":\"https:\/\/www.comin-joieriacreativa.com\/wp-content\/uploads\/2018\/03\/logo.png\",\"width\":300,\"height\":139,\"caption\":\"Com\u00edn - Joieria Creativa\"},\"image\":{\"@id\":\"https:\/\/www.comin-joieriacreativa.com\/es\/#\/schema\/logo\/image\/\"},\"sameAs\":[\"https:\/\/www.facebook.com\/lluis.comin.joieria.creativa\/\",\"https:\/\/www.instagram.com\/comin_joieria_creativa\/\",\"https:\/\/www.youtube.com\/channel\/UC05kKu56LG4wNvrlhTqvsvA\",\"https:\/\/es.pinterest.com\/cominjoieriacreativa\/\"]}]}<\/script>\n<!-- \/ Yoast SEO plugin. -->","yoast_head_json":{"title":"Colecci\u00f3n Esencia de Barcelona | Com\u00edn - joyer\u00eda creativa","description":"Joyas inspiradas en las ic\u00f3nicas baldosas en forma de flor de las calles de Barcelona, capturando su encanto y herencia cultural.","robots":{"index":"index","follow":"follow","max-snippet":"max-snippet:-1","max-image-preview":"max-image-preview:large","max-video-preview":"max-video-preview:-1"},"canonical":"https:\/\/www.comin-joieriacreativa.com\/es\/colecciones\/esencia-barcelona\/","og_locale":"es_ES","og_type":"article","og_title":"Colecci\u00f3n Esencia de Barcelona | Com\u00edn - joyer\u00eda creativa","og_description":"Joyas inspiradas en las ic\u00f3nicas baldosas en forma de flor de las calles de Barcelona, capturando su encanto y herencia cultural.","og_url":"https:\/\/www.comin-joieriacreativa.com\/es\/colecciones\/esencia-barcelona\/","og_site_name":"Comin Joieria Creativa","article_publisher":"https:\/\/www.facebook.com\/lluis.comin.joieria.creativa\/","article_modified_time":"2026-03-03T17:16:57+00:00","og_image":[{"width":2000,"height":1037,"url":"https:\/\/www.comin-joieriacreativa.com\/wp-content\/uploads\/2023\/07\/essencia-barcelona-joyas.jpg","type":"image\/jpeg"}],"twitter_card":"summary_large_image","twitter_image":"https:\/\/www.comin-joieriacreativa.com\/wp-content\/uploads\/2023\/07\/essencia-barcelona-joyas.jpg","twitter_misc":{"Tiempo de lectura":"1 minuto"},"schema":{"@context":"https:\/\/schema.org","@graph":[{"@type":"WebPage","@id":"https:\/\/www.comin-joieriacreativa.com\/es\/colecciones\/esencia-barcelona\/","url":"https:\/\/www.comin-joieriacreativa.com\/es\/colecciones\/esencia-barcelona\/","name":"Colecci\u00f3n Esencia de Barcelona | Com\u00edn - joyer\u00eda creativa","isPartOf":{"@id":"https:\/\/www.comin-joieriacreativa.com\/es\/#website"},"datePublished":"2023-07-10T10:47:15+00:00","dateModified":"2026-03-03T17:16:57+00:00","description":"Joyas inspiradas en las ic\u00f3nicas baldosas en forma de flor de las calles de Barcelona, capturando su encanto y herencia cultural.","breadcrumb":{"@id":"https:\/\/www.comin-joieriacreativa.com\/es\/colecciones\/esencia-barcelona\/#breadcrumb"},"inLanguage":"es","potentialAction":[{"@type":"ReadAction","target":["https:\/\/www.comin-joieriacreativa.com\/es\/colecciones\/esencia-barcelona\/"]}]},{"@type":"BreadcrumbList","@id":"https:\/\/www.comin-joieriacreativa.com\/es\/colecciones\/esencia-barcelona\/#breadcrumb","itemListElement":[{"@type":"ListItem","position":1,"name":"Portada","item":"https:\/\/www.comin-joieriacreativa.com\/es\/"},{"@type":"ListItem","position":2,"name":"Colecciones","item":"https:\/\/www.comin-joieriacreativa.com\/es\/colecciones\/"},{"@type":"ListItem","position":3,"name":"Esencia de Barcelona"}]},{"@type":"WebSite","@id":"https:\/\/www.comin-joieriacreativa.com\/es\/#website","url":"https:\/\/www.comin-joieriacreativa.com\/es\/","name":"Comin Joieria Creativa","description":"Joieria creativa d&#039;autor a Barcelona","publisher":{"@id":"https:\/\/www.comin-joieriacreativa.com\/es\/#organization"},"alternateName":"Comin Joieria","potentialAction":[{"@type":"SearchAction","target":{"@type":"EntryPoint","urlTemplate":"https:\/\/www.comin-joieriacreativa.com\/es\/?s={search_term_string}"},"query-input":{"@type":"PropertyValueSpecification","valueRequired":true,"valueName":"search_term_string"}}],"inLanguage":"es"},{"@type":"Organization","@id":"https:\/\/www.comin-joieriacreativa.com\/es\/#organization","name":"Com\u00edn - Joieria Creativa","alternateName":"Com\u00edn Joieria","url":"https:\/\/www.comin-joieriacreativa.com\/es\/","logo":{"@type":"ImageObject","inLanguage":"es","@id":"https:\/\/www.comin-joieriacreativa.com\/es\/#\/schema\/logo\/image\/","url":"https:\/\/www.comin-joieriacreativa.com\/wp-content\/uploads\/2018\/03\/logo.png","contentUrl":"https:\/\/www.comin-joieriacreativa.com\/wp-content\/uploads\/2018\/03\/logo.png","width":300,"height":139,"caption":"Com\u00edn - Joieria Creativa"},"image":{"@id":"https:\/\/www.comin-joieriacreativa.com\/es\/#\/schema\/logo\/image\/"},"sameAs":["https:\/\/www.facebook.com\/lluis.comin.joieria.creativa\/","https:\/\/www.instagram.com\/comin_joieria_creativa\/","https:\/\/www.youtube.com\/channel\/UC05kKu56LG4wNvrlhTqvsvA","https:\/\/es.pinterest.com\/cominjoieriacreativa\/"]}]}},"_links":{"self":[{"href":"https:\/\/www.comin-joieriacreativa.com\/es\/wp-json\/wp\/v2\/pages\/28481","targetHints":{"allow":["GET"]}}],"collection":[{"href":"https:\/\/www.comin-joieriacreativa.com\/es\/wp-json\/wp\/v2\/pages"}],"about":[{"href":"https:\/\/www.comin-joieriacreativa.com\/es\/wp-json\/wp\/v2\/types\/page"}],"author":[{"embeddable":true,"href":"https:\/\/www.comin-joieriacreativa.com\/es\/wp-json\/wp\/v2\/users\/1"}],"replies":[{"embeddable":true,"href":"https:\/\/www.comin-joieriacreativa.com\/es\/wp-json\/wp\/v2\/comments?post=28481"}],"version-history":[{"count":1,"href":"https:\/\/www.comin-joieriacreativa.com\/es\/wp-json\/wp\/v2\/pages\/28481\/revisions"}],"predecessor-version":[{"id":35296,"href":"https:\/\/www.comin-joieriacreativa.com\/es\/wp-json\/wp\/v2\/pages\/28481\/revisions\/35296"}],"up":[{"embeddable":true,"href":"https:\/\/www.comin-joieriacreativa.com\/es\/wp-json\/wp\/v2\/pages\/17127"}],"wp:attachment":[{"href":"https:\/\/www.comin-joieriacreativa.com\/es\/wp-json\/wp\/v2\/media?parent=28481"}],"curies":[{"name":"wp","href":"https:\/\/api.w.org\/{rel}","templated":true}]}}