{"id":5429,"date":"2018-05-30T11:29:12","date_gmt":"2018-05-30T11:29:12","guid":{"rendered":"http:\/\/www.comin-joieriacreativa.com\/beta\/?page_id=5429"},"modified":"2026-01-08T08:49:23","modified_gmt":"2026-01-08T07:49:23","slug":"politica-de-privacidad","status":"publish","type":"page","link":"https:\/\/www.comin-joieriacreativa.com\/es\/politica-de-privacidad\/","title":{"rendered":"Pol\u00edtica de privacidad"},"content":{"rendered":"[vc_row type=\u00bbin_container\u00bb full_screen_row_position=\u00bbmiddle\u00bb column_margin=\u00bbdefault\u00bb column_direction=\u00bbdefault\u00bb column_direction_tablet=\u00bbdefault\u00bb column_direction_phone=\u00bbdefault\u00bb scene_position=\u00bbcenter\u00bb text_color=\u00bbdark\u00bb text_align=\u00bbleft\u00bb row_border_radius=\u00bbnone\u00bb row_border_radius_applies=\u00bbbg\u00bb overlay_strength=\u00bb0.3&#8243; gradient_direction=\u00bbleft_to_right\u00bb shape_divider_position=\u00bbbottom\u00bb bg_image_animation=\u00bbnone\u00bb][vc_column column_padding=\u00bbno-extra-padding\u00bb column_padding_tablet=\u00bbinherit\u00bb column_padding_phone=\u00bbinherit\u00bb column_padding_position=\u00bball\u00bb background_color_opacity=\u00bb1&#8243; background_hover_color_opacity=\u00bb1&#8243; column_shadow=\u00bbnone\u00bb column_border_radius=\u00bbnone\u00bb column_link_target=\u00bb_self\u00bb gradient_direction=\u00bbleft_to_right\u00bb overlay_strength=\u00bb0.3&#8243; width=\u00bb5\/6&#8243; tablet_width_inherit=\u00bbdefault\u00bb tablet_text_alignment=\u00bbdefault\u00bb phone_text_alignment=\u00bbdefault\u00bb column_border_width=\u00bbnone\u00bb column_border_style=\u00bbsolid\u00bb bg_image_animation=\u00bbnone\u00bb offset=\u00bbvc_col-lg-offset-1&#8243;][vc_column_text]\n<h4>POL\u00cdTICA DE PRIVACIDAD<\/h4>\n<p>&nbsp;<\/p>\n<p class=\"p1\"><strong>RESPONSABLE DEL TRATAMIENTO<\/strong><\/p>\n<p>El responsable del tratamiento de sus datos en virtud de esta Pol\u00edtica de privacidad es:<\/p>\n<p>Llu\u00eds Com\u00edn Vilajosana<\/p>\n<p>NIF: 35005367B<\/p>\n<p>Domicilio social: Avinguda Mistral 66, 08015 Barcelona<\/p>\n<p>Tel\u00e9fono: 933255340<\/p>\n<p>E-mail: <a href=\"mailto:info@comin-joieriacreativa.com\">info@comin-joieriacreativa.com<\/a><\/p>\n<p>Web: https:\/\/www.comin-joieriacreativa.com\/es<\/p>\n<p>Reconocemos la importancia de proteger su informaci\u00f3n personal y estamos comprometidos a tratarla con responsabilidad y de conformidad con las leyes de protecci\u00f3n de datos.<\/p>\n<p>La presente pol\u00edtica de privacidad pretende regular todos los aspectos relativos al tratamiento de datos de los diferentes usuarios que navegan o facilitan sus datos personales a trav\u00e9s de los diferentes formularios situados en la web.<\/p>\n<p>&nbsp;<\/p>\n<p class=\"p1\"><strong>DATOS PERSONALES<\/strong><\/p>\n<p>Un dato personal, es la informaci\u00f3n que le identifica o le hace identificable. A trav\u00e9s de la web, en las casillas establecidas al efecto recogemos los datos personales que el usuario nos comunica: Nombre, apellidos, correo electr\u00f3nico, tel\u00e9fono, direcci\u00f3n postal, poblaci\u00f3n, etc. as\u00ed como todos aquellos datos que voluntariamente nos proporcione a trav\u00e9s de cualquier de las redes sociales de las cuales el usuario est\u00e1 registrado . En este caso, la privacidad depender\u00e1 de la propia configuraci\u00f3n establecida por el usuario as\u00ed como de los t\u00e9rminos y condiciones de la propia red social.<\/p>\n<p>La visita del usuario a la web no implica que tenga que facilitar ninguna informaci\u00f3n sobre sus datos personales. No obstante, en caso de facilitarlos, los datos ser\u00e1n tratados de forma l\u00edcita con sujeci\u00f3n en todo momento a los principios y derechos recogidos en el RGPD 2016\/679 de 27 de abril de 2016 y la LOPDGDD 3\/2018 del 5 de diciembre.<\/p>\n<p>&nbsp;<\/p>\n<p class=\"p1\"><strong>FINALIDAD, DURACI\u00d3N Y LEGITIMACI\u00d3N DEL TRATAMIENTO<\/strong><\/p>\n<p>Los datos que el usuario nos proporcione los trataremos con las siguientes finalidades:<\/p>\n<ul>\n<li><strong>Atender<\/strong><strong> la solicitud o petici\u00f3n realizada por el usuario a trav\u00e9s del formulario de contacto situado en la web<\/strong><strong>: <\/strong>Recogemos y tratamos los datos personales del usuario para poder tramitar y gestionar su solicitud, una consulta o cualquier petici\u00f3n que realiza a trav\u00e9s de dicho formulario . Estos datos los conservaremos durante el tiempo necesario para dar cumplimiento a su petici\u00f3n y durante el tiempo establecido por la ley con una duraci\u00f3n m\u00ednima de 3 a\u00f1os. La base de legitimaci\u00f3n del tratamiento de los datos ser\u00e1 el consentimiento que otorga el usuario al seleccionar la casilla de aceptaci\u00f3n de nuestra pol\u00edtica de privacidad antes de enviar la petici\u00f3n. El usuario tiene derecho a revocar su consentimiento en cualquier momento sin que ello afecte a la licitud del tratamiento basado en el consentimiento previo a su retirada.<\/li>\n<li><strong>Dar de alta como \u00abusuario registrado\u00bb <\/strong>a trav\u00e9s del formulario de registro situado en la web y que permitir\u00e1 al usuario acceder a su \u00e1rea privada de servicios e informarle de nuestras actividades, pudi\u00e9ndole remitir por cualquier medio electr\u00f3nico comunicaciones comerciales de las novedades de nuestros servicios. Estos datos los conservaremos mientras el usuario no solicite su baja del registro y durante el tiempo establecido por la ley con una duraci\u00f3n m\u00ednima de 3 a\u00f1os. La base de legitimaci\u00f3n de los datos ser\u00e1 el consentimiento que otorga el usuario al registrarse a trav\u00e9s del formulario de registro y seleccionar la casilla de aceptaci\u00f3n de nuestra pol\u00edtica de privacidad antes de enviar su solicitud. El usuario tiene derecho a revocar su consentimiento en cualquier momento sin que ello afecte a la licitud del tratamiento basado en el consentimiento previo a su retirada.<\/li>\n<li><strong>Atender<\/strong><strong> y gestionar la compra realizada por el usuario a trav\u00e9s del formuarlio de compra situado en la web<\/strong><strong>: <\/strong>Recogemos y tratamos los datos personales del usuario para poder procesar el pedido y posterior pago de los productos y servicios que se ofrecen en la web. Estos datos los conservaremos durante el tiempo que dure la relaci\u00f3n contractual entre las partes y durante el tiempo establecido por la ley para el cumplimiento de las obligaciones fiscales. La base de legitimaci\u00f3n del tratamiento de los datos ser\u00e1 la ejecuci\u00f3n de un contrato de compraventa en el que el interesado es parte. En caso que el usuario no facilite sus datos personales no se podr\u00e1 gestionar su compra, no pudiendo prestar el servicio solicitado .<\/li>\n<li><strong>Enviar <\/strong><strong>boletines y newsletter sobre nuestros productos y servicios<\/strong><strong>: <\/strong>Bajo el consentimiento del usuario recogemos y tratamos sus datos personales para poder enviarle informaci\u00f3n sobre nuestros productos y servicios. Estos datos los conservaremos mientras el usuario no revoque su consentimiento al tratamiento de los mismos y durante el tiempo establecido por la ley con una duraci\u00f3n m\u00ednima de 3 a\u00f1os. La base de legitimaci\u00f3n del tratamiento de los datos ser\u00e1 el consentimiento que otorga el usuario al seleccionar la casilla de aceptaci\u00f3n de nuestra pol\u00edtica de privacidad antes de suscribirse a la newsletter en el formulario habilitado a tal efecto en la web. El usuario tiene derecho a revocar su consentimiento en cualquier momento sin que ello afecte a la licitud del tratamiento basado en el consentimiento previo a su retirada.<\/li>\n<li><strong>Mejorar su experiencia al navegar por la web<\/strong><strong>: <\/strong>Estos datos los conservaremos mientras el usuario no revoque su consentimiento al tratamiento de los mismo eliminado las cookies y durante el tiempo establecido por la ley con una duraci\u00f3n m\u00ednima de 3 a\u00f1os. La base de legitimaci\u00f3n para mejorar su experiencia al navegar por la web es el consentimiento que otorga el usuario al aceptar las cookies. El usuario tiene derecho a revocar su consentimiento en cualquier momento sin que ello afecte a la licitud del tratamiento basado en el consentimiento previo a su retirada.<\/li>\n<li><strong>Gestionar nuestras redes sociales y enviarle informaci\u00f3n sobre nuestras actividades y productos<\/strong><strong>: <\/strong>Estos datos los conservaremos mientras el usuario no revoque su consentimiento al tratamiento de los mismos y durante el tiempo establecido por la ley con una duraci\u00f3n m\u00ednima de 3 a\u00f1os. La base de legitimaci\u00f3n para gestionar nuestras redes sociales y enviarle nuestras actividades y novedades, es el consentimiento que nos otorga para ello . El usuario tiene derecho a revocar su consentimiento en cualquier momento sin que ello afecte a la licitud del tratamiento basado en el consentimiento previo a su retirada.<\/li>\n<\/ul>\n<p>&nbsp;<\/p>\n<p class=\"p1\"><strong>CESI\u00d3N O COMUNICACI\u00d3N DE DATOS PERSONALES Y TRANSFERENCIAS INTERNACIONALES<\/strong><\/p>\n<p>Sus datos no se comunicar\u00e1n ni ser\u00e1n cedidos a terceros salvo que exista alguna obligaci\u00f3n legal o aquellos prestadores vinculados al Responsable que act\u00faan como encargados del tratamiento . No se realizan transferencias internacionales, para el caso en que en alg\u00fan momento pudieran realizarse, se le comunicar\u00e1n con el objeto de obtener su consentimiento.<\/p>\n<p>&nbsp;<\/p>\n<p><strong>ACTUALIZACI\u00d3N DE DATOS<\/strong><\/p>\n<p>Es importante que para que podamos mantener los datos personales actualizados, el usuario nos informe siempre que haya habido alguna modificaci\u00f3n en ellos, en caso contrario, no respondemos de la veracidad de los mismos.<\/p>\n<p>El usuario garantiza que los datos personales facilitados son veraces garantizando que toda la informaci\u00f3n facilitada corresponde con la situaci\u00f3n real, que est\u00e1 actualizada y es exacta, quedando obligado a comunicar cualquier modificaci\u00f3n.<\/p>\n<p>&nbsp;<\/p>\n<p><strong>DATOS DE TERCEROS<\/strong><\/p>\n<p>Si el usuario facilita datos de terceras personas para cualquier finalidad al RESPONSABLE, garantiza que ha obtenido estos datos de forma l\u00edcita, que ha informado previamente a los afectados, obteniendo su consentimiento para comunicarlos y que la informaci\u00f3n facilitada es exacta y veraz.<\/p>\n<p>&nbsp;<\/p>\n<p class=\"p1\"><strong>CAR\u00c1CTER OBLIGATORIO DE LA INFORMACI\u00d3N SOLICITADA<\/strong><\/p>\n<p>Todos nuestros formularios cuentan con un asterisco (*) en los datos obligatorios. Si el usuario no facilita esos campos, o no marca la casilla de aceptaci\u00f3n de la pol\u00edtica de privacidad, no se permitir\u00e1 el env\u00edo de la informaci\u00f3n.<\/p>\n<p>&nbsp;<\/p>\n<p><strong>DERECHOS DE LOS INTERESADOS<\/strong><\/p>\n<p>Tiene derecho a acceder a sus datos y a obtener confirmaci\u00f3n sobre su tratamiento, as\u00ed como una copia de los datos personales objeto de tratamiento . Tiene derecho a actualizarlos y solicitar la rectificaci\u00f3n de los datos que sean inexactos o solicitar la supresi\u00f3n cuando los datos no sean necesarios para los fines para los que fueron recabados. Puede solicitar la limitaci\u00f3n en el tratamiento de sus datos y oponerse al tratamiento de los mismos revocando su consentimiento, as\u00ed como ejercer el derecho a la portabilidad de los datos. Del mismo modo, tiene derecho a no ser objeto de decisiones basadas \u00fanicamente en el tratamiento automatizado de sus datos personales. Puede ejercer sus derechos contactando con nosotros en la direcci\u00f3n C\/ Mistral, 66 o en el e-mail: <a href=\"mailto:info@comin-joieriacreativa.com\">info@comin-joieriacreativa.com<\/a><\/p>\n<p>Si considera que sus derechos no se han atendido debidamente, tiene derecho a presentar una reclamaci\u00f3n ante la autoridad de control en <a href=\"http:\/\/www.aepd.es\">www.aepd.es<\/a>.<\/p>\n<p>&nbsp;<\/p>\n<p class=\"p1\"><strong>TRATAMIENTO DE DATOS DE MENORES DE EDAD<\/strong><\/p>\n<p>Quien facilita los datos a trav\u00e9s de los formularios de esta web y acepta su tratamiento declara ser mayor de 14 a\u00f1os, quedando prohibido el acceso y uso del portal a menores de dicha edad. Si en alg\u00fan momento, el Responsable detecta que un menor de 14 a\u00f1os ha proporcionado datos de car\u00e1cter personal, procederemos a la cancelaci\u00f3n de los mismos. Asimismo, los padres o tutores podr\u00e1n en cualquier caso dirigirse al RESPONSABLE para bloquear la cuenta de acceso de los menores a su cargo que se hubieran registrado falseando su identidad.<\/p>\n<p>&nbsp;<\/p>\n<p class=\"p1\"><strong>REDES SOCIALES<\/strong><\/p>\n<p>El objeto de las herramientas como Facebook, Twitter, Instagram, etc. u otras redes sociales es dar visibilidad y difusi\u00f3n a las actividades que desarrolla nuestra organizaci\u00f3n. Estas herramientas almacenan datos personales en los servidores de los servicios respectivos y se rigen por su propia pol\u00edtica de privacidad. Se recomienda la revisi\u00f3n y la lectura de las condiciones de uso y pol\u00edtica de privacidad de la red social en el momento de registrarse, teniendo en cuenta las diferentes posibilidades de configuraci\u00f3n en relaci\u00f3n al grado de privacidad del perfil de usuario en la red social.<\/p>\n<p>Asimismo, el Responsable se reserva el derecho de eliminar de sus redes sociales cualquier informaci\u00f3n publicada por terceros que vulnere la legalidad, incite a hacerlo o contenga mensajes que atenten contra la dignidad de personas o instituciones. Como tambi\u00e9n el derecho a bloquear o denunciar el perfil autor de estos mensajes.<\/p>\n<p>&nbsp;<\/p>\n<p class=\"p1\"><strong>TRATAMIENTO DE COOKIES<\/strong><\/p>\n<p>Una cookie es un peque\u00f1o archivo que se descarga y almacena en el ordenador del usuario cuando este accede a una p\u00e1gina web. Las Cookies permiten a la web, entre otras cosas, almacenar y recuperar informaci\u00f3n sobre los h\u00e1bitos de navegaci\u00f3n del usuario o de su equipo y, dependiendo de la informaci\u00f3n que contengan y de la forma en que utilice su equipo, pueden utilizarse para reconocer al usuario .<\/p>\n<p>El usuario tiene la opci\u00f3n de impedir la generaci\u00f3n de cookies, mediante la selecci\u00f3n de la correspondiente opci\u00f3n en su programa de navegador. Puede obtener m\u00e1s informaci\u00f3n leyendo nuestra Pol\u00edtica de Cookies.<\/p>\n<p>&nbsp;<\/p>\n<p class=\"p1\"><strong>MODIFICACI\u00d3N DE LA POL\u00cdTICA DE PRIVACIDAD<\/strong><\/p>\n<p>Esta pol\u00edtica de privacidad puede modificarse. Recomendamos revisar peri\u00f3dicamente la presente pol\u00edtica de privacidad.[\/vc_column_text][\/vc_column][\/vc_row]\n","protected":false},"excerpt":{"rendered":"<p>[vc_row type=\u00bbin_container\u00bb full_screen_row_position=\u00bbmiddle\u00bb column_margin=\u00bbdefault\u00bb column_direction=\u00bbdefault\u00bb column_direction_tablet=\u00bbdefault\u00bb column_direction_phone=\u00bbdefault\u00bb scene_position=\u00bbcenter\u00bb text_color=\u00bbdark\u00bb text_align=\u00bbleft\u00bb row_border_radius=\u00bbnone\u00bb row_border_radius_applies=\u00bbbg\u00bb overlay_strength=\u00bb0.3&#8243; gradient_direction=\u00bbleft_to_right\u00bb shape_divider_position=\u00bbbottom\u00bb bg_image_animation=\u00bbnone\u00bb][vc_column column_padding=\u00bbno-extra-padding\u00bb column_padding_tablet=\u00bbinherit\u00bb column_padding_phone=\u00bbinherit\u00bb column_padding_position=\u00bball\u00bb background_color_opacity=\u00bb1&#8243; background_hover_color_opacity=\u00bb1&#8243; column_shadow=\u00bbnone\u00bb column_border_radius=\u00bbnone\u00bb column_link_target=\u00bb_self\u00bb gradient_direction=\u00bbleft_to_right\u00bb overlay_strength=\u00bb0.3&#8243; width=\u00bb5\/6&#8243; tablet_width_inherit=\u00bbdefault\u00bb tablet_text_alignment=\u00bbdefault\u00bb&#8230;<\/p>\n","protected":false},"author":1,"featured_media":0,"parent":0,"menu_order":0,"comment_status":"closed","ping_status":"closed","template":"","meta":{"inline_featured_image":false,"_joinchat":[],"footnotes":""},"class_list":["post-5429","page","type-page","status-publish"],"yoast_head":"<!-- This site is optimized with the Yoast SEO plugin v27.3 - https:\/\/yoast.com\/product\/yoast-seo-wordpress\/ -->\n<title>Pol\u00edtica de privacidad | Com\u00edn - joyer\u00eda creativa<\/title>\n<meta name=\"description\" content=\"Venta y creaci\u00f3n de joyas en Barcelona. Joyas de dise\u00f1o exclusivo y moderno.\" \/>\n<meta name=\"robots\" content=\"noindex, follow\" \/>\n<meta property=\"og:locale\" content=\"es_ES\" \/>\n<meta property=\"og:type\" content=\"article\" \/>\n<meta property=\"og:title\" content=\"Pol\u00edtica de privacidad | Com\u00edn - joyer\u00eda creativa\" \/>\n<meta property=\"og:description\" content=\"Venta y creaci\u00f3n de joyas en Barcelona. Joyas de dise\u00f1o exclusivo y moderno.\" \/>\n<meta property=\"og:url\" content=\"https:\/\/www.comin-joieriacreativa.com\/es\/politica-de-privacidad\/\" \/>\n<meta property=\"og:site_name\" content=\"Comin Joieria Creativa\" \/>\n<meta property=\"article:publisher\" content=\"https:\/\/www.facebook.com\/lluis.comin.joieria.creativa\/\" \/>\n<meta property=\"article:modified_time\" content=\"2026-01-08T07:49:23+00:00\" \/>\n<meta property=\"og:image\" content=\"https:\/\/www.comin-joieriacreativa.com\/wp-content\/uploads\/2018\/03\/logo@2x.png\" \/>\n\t<meta property=\"og:image:width\" content=\"600\" \/>\n\t<meta property=\"og:image:height\" content=\"279\" \/>\n\t<meta property=\"og:image:type\" content=\"image\/png\" \/>\n<meta name=\"twitter:card\" content=\"summary_large_image\" \/>\n<meta name=\"twitter:label1\" content=\"Tiempo de lectura\" \/>\n\t<meta name=\"twitter:data1\" content=\"8 minutos\" \/>\n<script type=\"application\/ld+json\" class=\"yoast-schema-graph\">{\"@context\":\"https:\\\/\\\/schema.org\",\"@graph\":[{\"@type\":\"WebPage\",\"@id\":\"https:\\\/\\\/www.comin-joieriacreativa.com\\\/es\\\/politica-de-privacidad\\\/\",\"url\":\"https:\\\/\\\/www.comin-joieriacreativa.com\\\/es\\\/politica-de-privacidad\\\/\",\"name\":\"Pol\u00edtica de privacidad | Com\u00edn - joyer\u00eda creativa\",\"isPartOf\":{\"@id\":\"https:\\\/\\\/www.comin-joieriacreativa.com\\\/es\\\/#website\"},\"datePublished\":\"2018-05-30T11:29:12+00:00\",\"dateModified\":\"2026-01-08T07:49:23+00:00\",\"description\":\"Venta y creaci\u00f3n de joyas en Barcelona. Joyas de dise\u00f1o exclusivo y moderno.\",\"breadcrumb\":{\"@id\":\"https:\\\/\\\/www.comin-joieriacreativa.com\\\/es\\\/politica-de-privacidad\\\/#breadcrumb\"},\"inLanguage\":\"es\",\"potentialAction\":[{\"@type\":\"ReadAction\",\"target\":[\"https:\\\/\\\/www.comin-joieriacreativa.com\\\/es\\\/politica-de-privacidad\\\/\"]}]},{\"@type\":\"BreadcrumbList\",\"@id\":\"https:\\\/\\\/www.comin-joieriacreativa.com\\\/es\\\/politica-de-privacidad\\\/#breadcrumb\",\"itemListElement\":[{\"@type\":\"ListItem\",\"position\":1,\"name\":\"Portada\",\"item\":\"https:\\\/\\\/www.comin-joieriacreativa.com\\\/es\\\/\"},{\"@type\":\"ListItem\",\"position\":2,\"name\":\"Pol\u00edtica de privacidad\"}]},{\"@type\":\"WebSite\",\"@id\":\"https:\\\/\\\/www.comin-joieriacreativa.com\\\/es\\\/#website\",\"url\":\"https:\\\/\\\/www.comin-joieriacreativa.com\\\/es\\\/\",\"name\":\"Comin Joieria Creativa\",\"description\":\"Joieria creativa d&#039;autor a Barcelona\",\"publisher\":{\"@id\":\"https:\\\/\\\/www.comin-joieriacreativa.com\\\/es\\\/#organization\"},\"alternateName\":\"Comin Joieria\",\"potentialAction\":[{\"@type\":\"SearchAction\",\"target\":{\"@type\":\"EntryPoint\",\"urlTemplate\":\"https:\\\/\\\/www.comin-joieriacreativa.com\\\/es\\\/?s={search_term_string}\"},\"query-input\":{\"@type\":\"PropertyValueSpecification\",\"valueRequired\":true,\"valueName\":\"search_term_string\"}}],\"inLanguage\":\"es\"},{\"@type\":\"Organization\",\"@id\":\"https:\\\/\\\/www.comin-joieriacreativa.com\\\/es\\\/#organization\",\"name\":\"Com\u00edn - Joieria Creativa\",\"alternateName\":\"Com\u00edn Joieria\",\"url\":\"https:\\\/\\\/www.comin-joieriacreativa.com\\\/es\\\/\",\"logo\":{\"@type\":\"ImageObject\",\"inLanguage\":\"es\",\"@id\":\"https:\\\/\\\/www.comin-joieriacreativa.com\\\/es\\\/#\\\/schema\\\/logo\\\/image\\\/\",\"url\":\"https:\\\/\\\/www.comin-joieriacreativa.com\\\/wp-content\\\/uploads\\\/2018\\\/03\\\/logo.png\",\"contentUrl\":\"https:\\\/\\\/www.comin-joieriacreativa.com\\\/wp-content\\\/uploads\\\/2018\\\/03\\\/logo.png\",\"width\":300,\"height\":139,\"caption\":\"Com\u00edn - Joieria Creativa\"},\"image\":{\"@id\":\"https:\\\/\\\/www.comin-joieriacreativa.com\\\/es\\\/#\\\/schema\\\/logo\\\/image\\\/\"},\"sameAs\":[\"https:\\\/\\\/www.facebook.com\\\/lluis.comin.joieria.creativa\\\/\",\"https:\\\/\\\/www.instagram.com\\\/comin_joieria_creativa\\\/\",\"https:\\\/\\\/www.youtube.com\\\/channel\\\/UC05kKu56LG4wNvrlhTqvsvA\",\"https:\\\/\\\/es.pinterest.com\\\/cominjoieriacreativa\\\/\"]}]}<\/script>\n<!-- \/ Yoast SEO plugin. -->","yoast_head_json":{"title":"Pol\u00edtica de privacidad | Com\u00edn - joyer\u00eda creativa","description":"Venta y creaci\u00f3n de joyas en Barcelona. Joyas de dise\u00f1o exclusivo y moderno.","robots":{"index":"noindex","follow":"follow"},"og_locale":"es_ES","og_type":"article","og_title":"Pol\u00edtica de privacidad | Com\u00edn - joyer\u00eda creativa","og_description":"Venta y creaci\u00f3n de joyas en Barcelona. Joyas de dise\u00f1o exclusivo y moderno.","og_url":"https:\/\/www.comin-joieriacreativa.com\/es\/politica-de-privacidad\/","og_site_name":"Comin Joieria Creativa","article_publisher":"https:\/\/www.facebook.com\/lluis.comin.joieria.creativa\/","article_modified_time":"2026-01-08T07:49:23+00:00","og_image":[{"width":600,"height":279,"url":"https:\/\/www.comin-joieriacreativa.com\/wp-content\/uploads\/2018\/03\/logo@2x.png","type":"image\/png"}],"twitter_card":"summary_large_image","twitter_misc":{"Tiempo de lectura":"8 minutos"},"schema":{"@context":"https:\/\/schema.org","@graph":[{"@type":"WebPage","@id":"https:\/\/www.comin-joieriacreativa.com\/es\/politica-de-privacidad\/","url":"https:\/\/www.comin-joieriacreativa.com\/es\/politica-de-privacidad\/","name":"Pol\u00edtica de privacidad | Com\u00edn - joyer\u00eda creativa","isPartOf":{"@id":"https:\/\/www.comin-joieriacreativa.com\/es\/#website"},"datePublished":"2018-05-30T11:29:12+00:00","dateModified":"2026-01-08T07:49:23+00:00","description":"Venta y creaci\u00f3n de joyas en Barcelona. Joyas de dise\u00f1o exclusivo y moderno.","breadcrumb":{"@id":"https:\/\/www.comin-joieriacreativa.com\/es\/politica-de-privacidad\/#breadcrumb"},"inLanguage":"es","potentialAction":[{"@type":"ReadAction","target":["https:\/\/www.comin-joieriacreativa.com\/es\/politica-de-privacidad\/"]}]},{"@type":"BreadcrumbList","@id":"https:\/\/www.comin-joieriacreativa.com\/es\/politica-de-privacidad\/#breadcrumb","itemListElement":[{"@type":"ListItem","position":1,"name":"Portada","item":"https:\/\/www.comin-joieriacreativa.com\/es\/"},{"@type":"ListItem","position":2,"name":"Pol\u00edtica de privacidad"}]},{"@type":"WebSite","@id":"https:\/\/www.comin-joieriacreativa.com\/es\/#website","url":"https:\/\/www.comin-joieriacreativa.com\/es\/","name":"Comin Joieria Creativa","description":"Joieria creativa d&#039;autor a Barcelona","publisher":{"@id":"https:\/\/www.comin-joieriacreativa.com\/es\/#organization"},"alternateName":"Comin Joieria","potentialAction":[{"@type":"SearchAction","target":{"@type":"EntryPoint","urlTemplate":"https:\/\/www.comin-joieriacreativa.com\/es\/?s={search_term_string}"},"query-input":{"@type":"PropertyValueSpecification","valueRequired":true,"valueName":"search_term_string"}}],"inLanguage":"es"},{"@type":"Organization","@id":"https:\/\/www.comin-joieriacreativa.com\/es\/#organization","name":"Com\u00edn - Joieria Creativa","alternateName":"Com\u00edn Joieria","url":"https:\/\/www.comin-joieriacreativa.com\/es\/","logo":{"@type":"ImageObject","inLanguage":"es","@id":"https:\/\/www.comin-joieriacreativa.com\/es\/#\/schema\/logo\/image\/","url":"https:\/\/www.comin-joieriacreativa.com\/wp-content\/uploads\/2018\/03\/logo.png","contentUrl":"https:\/\/www.comin-joieriacreativa.com\/wp-content\/uploads\/2018\/03\/logo.png","width":300,"height":139,"caption":"Com\u00edn - Joieria Creativa"},"image":{"@id":"https:\/\/www.comin-joieriacreativa.com\/es\/#\/schema\/logo\/image\/"},"sameAs":["https:\/\/www.facebook.com\/lluis.comin.joieria.creativa\/","https:\/\/www.instagram.com\/comin_joieria_creativa\/","https:\/\/www.youtube.com\/channel\/UC05kKu56LG4wNvrlhTqvsvA","https:\/\/es.pinterest.com\/cominjoieriacreativa\/"]}]}},"_links":{"self":[{"href":"https:\/\/www.comin-joieriacreativa.com\/es\/wp-json\/wp\/v2\/pages\/5429","targetHints":{"allow":["GET"]}}],"collection":[{"href":"https:\/\/www.comin-joieriacreativa.com\/es\/wp-json\/wp\/v2\/pages"}],"about":[{"href":"https:\/\/www.comin-joieriacreativa.com\/es\/wp-json\/wp\/v2\/types\/page"}],"author":[{"embeddable":true,"href":"https:\/\/www.comin-joieriacreativa.com\/es\/wp-json\/wp\/v2\/users\/1"}],"replies":[{"embeddable":true,"href":"https:\/\/www.comin-joieriacreativa.com\/es\/wp-json\/wp\/v2\/comments?post=5429"}],"version-history":[{"count":1,"href":"https:\/\/www.comin-joieriacreativa.com\/es\/wp-json\/wp\/v2\/pages\/5429\/revisions"}],"predecessor-version":[{"id":35062,"href":"https:\/\/www.comin-joieriacreativa.com\/es\/wp-json\/wp\/v2\/pages\/5429\/revisions\/35062"}],"wp:attachment":[{"href":"https:\/\/www.comin-joieriacreativa.com\/es\/wp-json\/wp\/v2\/media?parent=5429"}],"curies":[{"name":"wp","href":"https:\/\/api.w.org\/{rel}","templated":true}]}}