{"id":30547,"date":"2024-02-05T16:45:07","date_gmt":"2024-02-05T16:45:07","guid":{"rendered":"https:\/\/www.comin-joieriacreativa.com\/?post_type=product&#038;p=30547"},"modified":"2024-02-05T17:00:10","modified_gmt":"2024-02-05T17:00:10","slug":"o-arr-6491-tbla","status":"publish","type":"product","link":"https:\/\/www.comin-joieriacreativa.com\/es\/product\/colecciones\/coleccion-colores-naturales\/o-arr-6491-tbla\/","title":{"rendered":"Pendientes topacios"},"content":{"rendered":"","protected":false},"excerpt":{"rendered":"<hr size=\"1px\" color=\"#F6F6F6\" \/>\n<hr size=\"1px\" color=\"gray\" \/>\n<hr size=\"14px\" color=\"#F6F6F6\" \/>\n<p class=\"p1\"><span class=\"s1\">Pendientes de plata, oro amarillo de 18k y dos topacios azules.<\/span><\/p>\n<ul>\n<li style=\"list-style-type: none;\">\n<ul>\n<li class=\"p1\">Joya hecha a mano<\/li>\n<li>Plata de ley 925<\/li>\n<li class=\"p1\">Oro amarillo de 18 kilates<\/li>\n<li class=\"p1\">2 topacios azules<\/li>\n<\/ul>\n<\/li>\n<\/ul>\n<hr size=\"1px\" color=\"#F6F6F6\" \/>\n<hr size=\"1px\" color=\"gray\" \/>\n<hr size=\"1px\" color=\"#F6F6F6\" \/>\n<p>Medidas: 9x9mm (cada pendiente)<br \/>\nCierre: presi\u00f3n<\/p>\n<hr size=\"1px\" color=\"gray\" \/>\n<hr size=\"1px\" color=\"#F6F6F6\" \/>\n<p><strong>JOYA CERTIFICADA: GARANT\u00cdA Y CALIDAD DE LOS MATERIALES<\/strong><br \/>\nTodos los materiales con los que hemos trabajado esta joya los hemos seleccionado personalmente con nuestros proveedores. Esta joya se entrega con un certificado de calidad.<\/p>\n<hr size=\"1px\" color=\"gray\" \/>\n<hr size=\"1px\" color=\"#F6F6F6\" \/>\n<h6>\u00bfTienes dudas? <a href=\"tel:+34933255340\">Ll\u00e1manos al (+34) 933 255 340<\/a> o m\u00e1ndanos un <a href=\"https:\/\/api.whatsapp.com\/send?phone=34623116603&amp;text=\u00a1Hola!%20Tengo%20dudas%20sobre%20esta%20joya%20https:\/\/www.comin-joieriacreativa.com\/es\/product\/pendientes\/O-ARR-6491-TBLA\/\" target=\"_blank\" rel=\"noopener noreferrer\">whatsapp al (+34) 623 116 603<\/a>.<\/h6>\n<hr size=\"1px\" color=\"#F6F6F6\" \/>\n<hr size=\"1px\" color=\"gray\" \/>\n<hr size=\"1px\" color=\"#F6F6F6\" \/>\n<h6>TIEMPO DE ENTREGA: si tenemos la joya hecha la enviaremos el mismo d\u00eda que hagas el pedido. Si la tenemos que hacer tardar\u00e1s m\u00e1ximo 15 d\u00edas en recibirla. Si nos consultas previamente a realizar la compra te podremos decir aproximadamente cu\u00e1ntos d\u00edas tardaremos en enviarla.<\/h6>\n<hr size=\"1px\" color=\"#F6F6F6\" \/>\n<hr size=\"1px\" color=\"gray\" \/>\n<hr size=\"1px\" color=\"#F6F6F6\" \/>\n<h6><a href=\"https:\/\/www.comin-joieriacreativa.com\/es\/condiciones-de-venta\/\" target=\"_blank\" rel=\"noopener noreferrer\">Condiciones de venta<\/a> | <a href=\"https:\/\/www.comin-joieriacreativa.com\/es\/contacto\/\" target=\"_blank\" rel=\"noopener noreferrer\">Contacto<\/a><\/h6>\n","protected":false},"featured_media":30550,"template":"","meta":{"inline_featured_image":false,"_joinchat":[]},"product_brand":[],"product_cat":[1806,68],"product_tag":[],"class_list":{"0":"post-30547","1":"product","2":"type-product","3":"status-publish","4":"has-post-thumbnail","6":"product_cat-coleccion-colores-naturales","7":"product_cat-pendientes","9":"first","10":"instock","11":"sold-individually","12":"shipping-taxable","13":"purchasable","14":"product-type-simple"},"yoast_head":"<!-- This site is optimized with the Yoast SEO plugin v27.2 - https:\/\/yoast.com\/product\/yoast-seo-wordpress\/ -->\n<title>Pendientes topacios | Com\u00edn - joyer\u00eda creativa<\/title>\n<meta name=\"description\" content=\"Pendientes de plata, oro amarillo de 18k y dos topacios azules.\" \/>\n<meta name=\"robots\" content=\"index, follow, max-snippet:-1, max-image-preview:large, max-video-preview:-1\" \/>\n<link rel=\"canonical\" href=\"https:\/\/www.comin-joieriacreativa.com\/es\/product\/colecciones\/coleccion-colores-naturales\/o-arr-6491-tbla\/\" \/>\n<meta property=\"og:locale\" content=\"es_ES\" \/>\n<meta property=\"og:type\" content=\"article\" \/>\n<meta property=\"og:title\" content=\"Pendientes topacios | Com\u00edn - joyer\u00eda creativa\" \/>\n<meta property=\"og:description\" content=\"Pendientes de plata, oro amarillo de 18k y dos topacios azules.\" \/>\n<meta property=\"og:url\" content=\"https:\/\/www.comin-joieriacreativa.com\/es\/product\/colecciones\/coleccion-colores-naturales\/o-arr-6491-tbla\/\" \/>\n<meta property=\"og:site_name\" content=\"Comin Joieria Creativa\" \/>\n<meta property=\"article:publisher\" content=\"https:\/\/www.facebook.com\/lluis.comin.joieria.creativa\/\" \/>\n<meta property=\"article:modified_time\" content=\"2024-02-05T17:00:10+00:00\" \/>\n<meta property=\"og:image\" content=\"https:\/\/www.comin-joieriacreativa.com\/wp-content\/uploads\/2024\/02\/pendientes-topacios-jpg.webp\" \/>\n\t<meta property=\"og:image:width\" content=\"1580\" \/>\n\t<meta property=\"og:image:height\" content=\"1580\" \/>\n\t<meta property=\"og:image:type\" content=\"image\/jpeg\" \/>\n<meta name=\"twitter:card\" content=\"summary_large_image\" \/>\n<meta name=\"twitter:label1\" content=\"Tiempo de lectura\" \/>\n\t<meta name=\"twitter:data1\" content=\"1 minuto\" \/>\n<script type=\"application\/ld+json\" class=\"yoast-schema-graph\">{\"@context\":\"https:\/\/schema.org\",\"@graph\":[{\"@type\":\"WebPage\",\"@id\":\"https:\/\/www.comin-joieriacreativa.com\/es\/product\/colecciones\/coleccion-colores-naturales\/o-arr-6491-tbla\/\",\"url\":\"https:\/\/www.comin-joieriacreativa.com\/es\/product\/colecciones\/coleccion-colores-naturales\/o-arr-6491-tbla\/\",\"name\":\"Pendientes topacios | Com\u00edn - joyer\u00eda creativa\",\"isPartOf\":{\"@id\":\"https:\/\/www.comin-joieriacreativa.com\/es\/#website\"},\"primaryImageOfPage\":{\"@id\":\"https:\/\/www.comin-joieriacreativa.com\/es\/product\/colecciones\/coleccion-colores-naturales\/o-arr-6491-tbla\/#primaryimage\"},\"image\":{\"@id\":\"https:\/\/www.comin-joieriacreativa.com\/es\/product\/colecciones\/coleccion-colores-naturales\/o-arr-6491-tbla\/#primaryimage\"},\"thumbnailUrl\":\"https:\/\/www.comin-joieriacreativa.com\/wp-content\/uploads\/2024\/02\/pendientes-topacios-jpg.webp\",\"datePublished\":\"2024-02-05T16:45:07+00:00\",\"dateModified\":\"2024-02-05T17:00:10+00:00\",\"description\":\"Pendientes de plata, oro amarillo de 18k y dos topacios azules.\",\"breadcrumb\":{\"@id\":\"https:\/\/www.comin-joieriacreativa.com\/es\/product\/colecciones\/coleccion-colores-naturales\/o-arr-6491-tbla\/#breadcrumb\"},\"inLanguage\":\"es\",\"potentialAction\":[{\"@type\":\"ReadAction\",\"target\":[\"https:\/\/www.comin-joieriacreativa.com\/es\/product\/colecciones\/coleccion-colores-naturales\/o-arr-6491-tbla\/\"]}]},{\"@type\":\"ImageObject\",\"inLanguage\":\"es\",\"@id\":\"https:\/\/www.comin-joieriacreativa.com\/es\/product\/colecciones\/coleccion-colores-naturales\/o-arr-6491-tbla\/#primaryimage\",\"url\":\"https:\/\/www.comin-joieriacreativa.com\/wp-content\/uploads\/2024\/02\/pendientes-topacios-jpg.webp\",\"contentUrl\":\"https:\/\/www.comin-joieriacreativa.com\/wp-content\/uploads\/2024\/02\/pendientes-topacios-jpg.webp\",\"width\":1580,\"height\":1580},{\"@type\":\"BreadcrumbList\",\"@id\":\"https:\/\/www.comin-joieriacreativa.com\/es\/product\/colecciones\/coleccion-colores-naturales\/o-arr-6491-tbla\/#breadcrumb\",\"itemListElement\":[{\"@type\":\"ListItem\",\"position\":1,\"name\":\"Portada\",\"item\":\"https:\/\/www.comin-joieriacreativa.com\/es\/\"},{\"@type\":\"ListItem\",\"position\":2,\"name\":\"Joyas\",\"item\":\"https:\/\/www.comin-joieriacreativa.com\/es\/joyas\/\"},{\"@type\":\"ListItem\",\"position\":3,\"name\":\"Pendientes topacios\"}]},{\"@type\":\"WebSite\",\"@id\":\"https:\/\/www.comin-joieriacreativa.com\/es\/#website\",\"url\":\"https:\/\/www.comin-joieriacreativa.com\/es\/\",\"name\":\"Comin Joieria Creativa\",\"description\":\"Joieria creativa d&#039;autor a Barcelona\",\"publisher\":{\"@id\":\"https:\/\/www.comin-joieriacreativa.com\/es\/#organization\"},\"alternateName\":\"Comin Joieria\",\"potentialAction\":[{\"@type\":\"SearchAction\",\"target\":{\"@type\":\"EntryPoint\",\"urlTemplate\":\"https:\/\/www.comin-joieriacreativa.com\/es\/?s={search_term_string}\"},\"query-input\":{\"@type\":\"PropertyValueSpecification\",\"valueRequired\":true,\"valueName\":\"search_term_string\"}}],\"inLanguage\":\"es\"},{\"@type\":\"Organization\",\"@id\":\"https:\/\/www.comin-joieriacreativa.com\/es\/#organization\",\"name\":\"Com\u00edn - Joieria Creativa\",\"alternateName\":\"Com\u00edn Joieria\",\"url\":\"https:\/\/www.comin-joieriacreativa.com\/es\/\",\"logo\":{\"@type\":\"ImageObject\",\"inLanguage\":\"es\",\"@id\":\"https:\/\/www.comin-joieriacreativa.com\/es\/#\/schema\/logo\/image\/\",\"url\":\"https:\/\/www.comin-joieriacreativa.com\/wp-content\/uploads\/2018\/03\/logo.png\",\"contentUrl\":\"https:\/\/www.comin-joieriacreativa.com\/wp-content\/uploads\/2018\/03\/logo.png\",\"width\":300,\"height\":139,\"caption\":\"Com\u00edn - Joieria Creativa\"},\"image\":{\"@id\":\"https:\/\/www.comin-joieriacreativa.com\/es\/#\/schema\/logo\/image\/\"},\"sameAs\":[\"https:\/\/www.facebook.com\/lluis.comin.joieria.creativa\/\",\"https:\/\/www.instagram.com\/comin_joieria_creativa\/\",\"https:\/\/www.youtube.com\/channel\/UC05kKu56LG4wNvrlhTqvsvA\",\"https:\/\/es.pinterest.com\/cominjoieriacreativa\/\"]}]}<\/script>\n<!-- \/ Yoast SEO plugin. -->","yoast_head_json":{"title":"Pendientes topacios | Com\u00edn - joyer\u00eda creativa","description":"Pendientes de plata, oro amarillo de 18k y dos topacios azules.","robots":{"index":"index","follow":"follow","max-snippet":"max-snippet:-1","max-image-preview":"max-image-preview:large","max-video-preview":"max-video-preview:-1"},"canonical":"https:\/\/www.comin-joieriacreativa.com\/es\/product\/colecciones\/coleccion-colores-naturales\/o-arr-6491-tbla\/","og_locale":"es_ES","og_type":"article","og_title":"Pendientes topacios | Com\u00edn - joyer\u00eda creativa","og_description":"Pendientes de plata, oro amarillo de 18k y dos topacios azules.","og_url":"https:\/\/www.comin-joieriacreativa.com\/es\/product\/colecciones\/coleccion-colores-naturales\/o-arr-6491-tbla\/","og_site_name":"Comin Joieria Creativa","article_publisher":"https:\/\/www.facebook.com\/lluis.comin.joieria.creativa\/","article_modified_time":"2024-02-05T17:00:10+00:00","og_image":[{"width":1580,"height":1580,"url":"https:\/\/www.comin-joieriacreativa.com\/wp-content\/uploads\/2024\/02\/pendientes-topacios-jpg.webp","type":"image\/jpeg"}],"twitter_card":"summary_large_image","twitter_misc":{"Tiempo de lectura":"1 minuto"},"schema":{"@context":"https:\/\/schema.org","@graph":[{"@type":"WebPage","@id":"https:\/\/www.comin-joieriacreativa.com\/es\/product\/colecciones\/coleccion-colores-naturales\/o-arr-6491-tbla\/","url":"https:\/\/www.comin-joieriacreativa.com\/es\/product\/colecciones\/coleccion-colores-naturales\/o-arr-6491-tbla\/","name":"Pendientes topacios | Com\u00edn - joyer\u00eda creativa","isPartOf":{"@id":"https:\/\/www.comin-joieriacreativa.com\/es\/#website"},"primaryImageOfPage":{"@id":"https:\/\/www.comin-joieriacreativa.com\/es\/product\/colecciones\/coleccion-colores-naturales\/o-arr-6491-tbla\/#primaryimage"},"image":{"@id":"https:\/\/www.comin-joieriacreativa.com\/es\/product\/colecciones\/coleccion-colores-naturales\/o-arr-6491-tbla\/#primaryimage"},"thumbnailUrl":"https:\/\/www.comin-joieriacreativa.com\/wp-content\/uploads\/2024\/02\/pendientes-topacios-jpg.webp","datePublished":"2024-02-05T16:45:07+00:00","dateModified":"2024-02-05T17:00:10+00:00","description":"Pendientes de plata, oro amarillo de 18k y dos topacios azules.","breadcrumb":{"@id":"https:\/\/www.comin-joieriacreativa.com\/es\/product\/colecciones\/coleccion-colores-naturales\/o-arr-6491-tbla\/#breadcrumb"},"inLanguage":"es","potentialAction":[{"@type":"ReadAction","target":["https:\/\/www.comin-joieriacreativa.com\/es\/product\/colecciones\/coleccion-colores-naturales\/o-arr-6491-tbla\/"]}]},{"@type":"ImageObject","inLanguage":"es","@id":"https:\/\/www.comin-joieriacreativa.com\/es\/product\/colecciones\/coleccion-colores-naturales\/o-arr-6491-tbla\/#primaryimage","url":"https:\/\/www.comin-joieriacreativa.com\/wp-content\/uploads\/2024\/02\/pendientes-topacios-jpg.webp","contentUrl":"https:\/\/www.comin-joieriacreativa.com\/wp-content\/uploads\/2024\/02\/pendientes-topacios-jpg.webp","width":1580,"height":1580},{"@type":"BreadcrumbList","@id":"https:\/\/www.comin-joieriacreativa.com\/es\/product\/colecciones\/coleccion-colores-naturales\/o-arr-6491-tbla\/#breadcrumb","itemListElement":[{"@type":"ListItem","position":1,"name":"Portada","item":"https:\/\/www.comin-joieriacreativa.com\/es\/"},{"@type":"ListItem","position":2,"name":"Joyas","item":"https:\/\/www.comin-joieriacreativa.com\/es\/joyas\/"},{"@type":"ListItem","position":3,"name":"Pendientes topacios"}]},{"@type":"WebSite","@id":"https:\/\/www.comin-joieriacreativa.com\/es\/#website","url":"https:\/\/www.comin-joieriacreativa.com\/es\/","name":"Comin Joieria Creativa","description":"Joieria creativa d&#039;autor a Barcelona","publisher":{"@id":"https:\/\/www.comin-joieriacreativa.com\/es\/#organization"},"alternateName":"Comin Joieria","potentialAction":[{"@type":"SearchAction","target":{"@type":"EntryPoint","urlTemplate":"https:\/\/www.comin-joieriacreativa.com\/es\/?s={search_term_string}"},"query-input":{"@type":"PropertyValueSpecification","valueRequired":true,"valueName":"search_term_string"}}],"inLanguage":"es"},{"@type":"Organization","@id":"https:\/\/www.comin-joieriacreativa.com\/es\/#organization","name":"Com\u00edn - Joieria Creativa","alternateName":"Com\u00edn Joieria","url":"https:\/\/www.comin-joieriacreativa.com\/es\/","logo":{"@type":"ImageObject","inLanguage":"es","@id":"https:\/\/www.comin-joieriacreativa.com\/es\/#\/schema\/logo\/image\/","url":"https:\/\/www.comin-joieriacreativa.com\/wp-content\/uploads\/2018\/03\/logo.png","contentUrl":"https:\/\/www.comin-joieriacreativa.com\/wp-content\/uploads\/2018\/03\/logo.png","width":300,"height":139,"caption":"Com\u00edn - Joieria Creativa"},"image":{"@id":"https:\/\/www.comin-joieriacreativa.com\/es\/#\/schema\/logo\/image\/"},"sameAs":["https:\/\/www.facebook.com\/lluis.comin.joieria.creativa\/","https:\/\/www.instagram.com\/comin_joieria_creativa\/","https:\/\/www.youtube.com\/channel\/UC05kKu56LG4wNvrlhTqvsvA","https:\/\/es.pinterest.com\/cominjoieriacreativa\/"]}]}},"df_price":257,"df_sale_price":"","df_regular_price":257,"df_image_link":"https:\/\/www.comin-joieriacreativa.com\/wp-content\/uploads\/2024\/02\/pendientes-topacios-300x300.webp","_links":{"self":[{"href":"https:\/\/www.comin-joieriacreativa.com\/es\/wp-json\/wp\/v2\/product\/30547","targetHints":{"allow":["GET"]}}],"collection":[{"href":"https:\/\/www.comin-joieriacreativa.com\/es\/wp-json\/wp\/v2\/product"}],"about":[{"href":"https:\/\/www.comin-joieriacreativa.com\/es\/wp-json\/wp\/v2\/types\/product"}],"wp:featuredmedia":[{"embeddable":true,"href":"https:\/\/www.comin-joieriacreativa.com\/es\/wp-json\/wp\/v2\/media\/30550"}],"wp:attachment":[{"href":"https:\/\/www.comin-joieriacreativa.com\/es\/wp-json\/wp\/v2\/media?parent=30547"}],"wp:term":[{"taxonomy":"product_brand","embeddable":true,"href":"https:\/\/www.comin-joieriacreativa.com\/es\/wp-json\/wp\/v2\/product_brand?post=30547"},{"taxonomy":"product_cat","embeddable":true,"href":"https:\/\/www.comin-joieriacreativa.com\/es\/wp-json\/wp\/v2\/product_cat?post=30547"},{"taxonomy":"product_tag","embeddable":true,"href":"https:\/\/www.comin-joieriacreativa.com\/es\/wp-json\/wp\/v2\/product_tag?post=30547"}],"curies":[{"name":"wp","href":"https:\/\/api.w.org\/{rel}","templated":true}]}}